{"id":586,"date":"2025-03-24T14:09:34","date_gmt":"2025-03-24T13:09:34","guid":{"rendered":"https:\/\/ib.uzh.ch\/apps\/geschaeftsbericht\/?page_id=586"},"modified":"2025-04-24T14:15:23","modified_gmt":"2025-04-24T12:15:23","slug":"geschaeftsbericht-2024","status":"publish","type":"page","link":"https:\/\/ib.uzh.ch\/apps\/geschaeftsbericht\/","title":{"rendered":"Gesch\u00e4fts&shy;bericht <br>2024"},"content":{"rendered":"<p>Gesch\u00e4tzte Leserin<br \/>\nGesch\u00e4tzter Leser<\/p>\n<p style=\"font-weight: 400;\">Die <a href=\"https:\/\/www.ib.uzh.ch\/de.html\" target=\"_blank\" rel=\"noopener noreferrer nofollow\">Direktion Immobilien und Betrieb<\/a> (DIB) blickt auf ein Gesch\u00e4ftsjahr zur\u00fcck, in dem es weder an H\u00f6hepunkten noch an Herausforderungen mangelte. Wir setzten uns ambitionierte Ziele und haben viele davon erreicht. Unsere Mitarbeitenden aller Bereiche haben einmal mehr hervorragende Arbeit geleistet und mit ihren Kompetenzen und ihrem Engagement f\u00fcr eine hohe Qualit\u00e4t unserer Dienstleistungen gesorgt. Daf\u00fcr spreche ich Ihnen meine Anerkennung und meinen Dank aus.<\/p>\n<p style=\"font-weight: 400;\">Mit einer bitteren Pille \u00fcberraschte uns der Regierungsrat mit dem Konsolidierten Entwicklungs- und Finanzplan (KEF) 2025 bis 2028, der eine K\u00fcrzung der finanziellen Mittel f\u00fcr Hochbauinvestitionen der UZH um rund 40 Prozent vorsieht. Wir haben sie hinnehmen m\u00fcssen und nahmen die einschneidende Budgetreduktion zum Anlass, mit teilweise tiefgreifenden Anpassungen der strategischen Planung unsere Agilit\u00e4t unter Beweis zu stellen. Betroffen ist insbesondere das Neubauprojekt Zentrum f\u00fcr Zahnmedizin\/Comprehensive Cancer Center Z\u00fcrich (ZZM\/C3Z) auf dem ehemaligen Kispi-Areal in Hottingen. Es steht vor der Baubewilligung, doch die Beschlussfassungen zum Objektkredit sind noch nicht gesichert.<\/p>\n<p style=\"font-weight: 400;\">Eine erste Verz\u00f6gerung mussten wir bei unserem Leuchtturmprojekt FORUM UZH in Kauf nehmen. Der Grund ist eine Beschwerde gegen die Auftragsvergabe f\u00fcr den Aushub und die Baugrube. Hingegen konnten wir das Schl\u00fcsselprojekt PORTAL UZH auf dem Campus Irchel planm\u00e4ssig weiterentwickeln.<\/p>\n<p style=\"font-weight: 400;\"><span style=\"font-weight: 400;\">\u00dcbers Ganze gesehen d\u00fcrfen wir in der R\u00fcckschau 2024 \u00fcber viel Positives und Erfreuliches berichten. Das motiviert uns dazu, mit Elan und Gestaltungsfreude weiterzumachen. Ich w\u00fcnsche Ihnen eine spannende Lekt\u00fcre.<\/span><\/p>\n<p>Fran\u00e7ois Chapuis<br \/>\nDirektor<\/p>\n","protected":false},"excerpt":{"rendered":"<p>Gesch\u00e4tzte Leserin Gesch\u00e4tzter Leser Die Direktion Immobilien und Betrieb (DIB) blickt auf ein Gesch\u00e4ftsjahr zur\u00fcck, in dem es weder an H\u00f6hepunkten noch an Herausforderungen mangelte. Wir setzten uns ambitionierte Ziele und haben viele davon erreicht. Unsere Mitarbeitenden aller Bereiche haben einmal mehr hervorragende Arbeit geleistet und mit ihren Kompetenzen und ihrem Engagement f\u00fcr eine hohe &hellip; <a href=\"https:\/\/ib.uzh.ch\/apps\/geschaeftsbericht\/\">Continued<\/a><\/p>\n","protected":false},"author":10,"featured_media":0,"parent":0,"menu_order":1,"comment_status":"closed","ping_status":"closed","template":"template-bericht-neu.blade.php","meta":{"_acf_changed":false,"inline_featured_image":false,"footnotes":""},"class_list":["post-586","page","type-page","status-publish","hentry"],"acf":[],"yoast_head":"<!-- This site is optimized with the Yoast SEO plugin v27.5 - https:\/\/yoast.com\/product\/yoast-seo-wordpress\/ -->\n<title>Gesch\u00e4fts&shy;bericht 2024 - DIB Gesch\u00e4ftsbericht<\/title>\n<meta name=\"robots\" content=\"index, follow, max-snippet:-1, max-image-preview:large, max-video-preview:-1\" \/>\n<link rel=\"canonical\" href=\"https:\/\/ib.uzh.ch\/apps\/geschaeftsbericht\/\" \/>\n<meta property=\"og:locale\" content=\"de_DE\" \/>\n<meta property=\"og:type\" content=\"article\" \/>\n<meta property=\"og:title\" content=\"Gesch\u00e4fts&shy;bericht 2024 - DIB Gesch\u00e4ftsbericht\" \/>\n<meta property=\"og:description\" content=\"Gesch\u00e4tzte Leserin Gesch\u00e4tzter Leser Die Direktion Immobilien und Betrieb (DIB) blickt auf ein Gesch\u00e4ftsjahr zur\u00fcck, in dem es weder an H\u00f6hepunkten noch an Herausforderungen mangelte. Wir setzten uns ambitionierte Ziele und haben viele davon erreicht. Unsere Mitarbeitenden aller Bereiche haben einmal mehr hervorragende Arbeit geleistet und mit ihren Kompetenzen und ihrem Engagement f\u00fcr eine hohe &hellip; Continued\" \/>\n<meta property=\"og:url\" content=\"https:\/\/ib.uzh.ch\/apps\/geschaeftsbericht\/\" \/>\n<meta property=\"og:site_name\" content=\"DIB Gesch\u00e4ftsbericht\" \/>\n<meta property=\"article:modified_time\" content=\"2025-04-24T12:15:23+00:00\" \/>\n<meta name=\"twitter:card\" content=\"summary_large_image\" \/>\n<meta name=\"twitter:label1\" content=\"Gesch\u00e4tzte Lesezeit\" \/>\n\t<meta name=\"twitter:data1\" content=\"2\u00a0Minuten\" \/>\n<script type=\"application\/ld+json\" class=\"yoast-schema-graph\">{\"@context\":\"https:\\\/\\\/schema.org\",\"@graph\":[{\"@type\":\"WebPage\",\"@id\":\"https:\\\/\\\/ib.uzh.ch\\\/apps\\\/geschaeftsbericht\\\/\",\"url\":\"https:\\\/\\\/ib.uzh.ch\\\/apps\\\/geschaeftsbericht\\\/\",\"name\":\"Gesch\u00e4fts&shy;bericht 2024 - DIB Gesch\u00e4ftsbericht\",\"isPartOf\":{\"@id\":\"https:\\\/\\\/ib.uzh.ch\\\/apps\\\/geschaeftsbericht\\\/#website\"},\"datePublished\":\"2025-03-24T13:09:34+00:00\",\"dateModified\":\"2025-04-24T12:15:23+00:00\",\"breadcrumb\":{\"@id\":\"https:\\\/\\\/ib.uzh.ch\\\/apps\\\/geschaeftsbericht\\\/#breadcrumb\"},\"inLanguage\":\"de\",\"potentialAction\":[{\"@type\":\"ReadAction\",\"target\":[\"https:\\\/\\\/ib.uzh.ch\\\/apps\\\/geschaeftsbericht\\\/\"]}]},{\"@type\":\"BreadcrumbList\",\"@id\":\"https:\\\/\\\/ib.uzh.ch\\\/apps\\\/geschaeftsbericht\\\/#breadcrumb\",\"itemListElement\":[{\"@type\":\"ListItem\",\"position\":1,\"name\":\"Startseite\",\"item\":\"https:\\\/\\\/ib.uzh.ch\\\/apps\\\/geschaeftsbericht\\\/\"},{\"@type\":\"ListItem\",\"position\":2,\"name\":\"Gesch\u00e4fts&shy;bericht 2024\"}]},{\"@type\":\"WebSite\",\"@id\":\"https:\\\/\\\/ib.uzh.ch\\\/apps\\\/geschaeftsbericht\\\/#website\",\"url\":\"https:\\\/\\\/ib.uzh.ch\\\/apps\\\/geschaeftsbericht\\\/\",\"name\":\"DIB Gesch\u00e4ftsbericht\",\"description\":\"Direktion Immobilien und Betrieb\",\"potentialAction\":[{\"@type\":\"SearchAction\",\"target\":{\"@type\":\"EntryPoint\",\"urlTemplate\":\"https:\\\/\\\/ib.uzh.ch\\\/apps\\\/geschaeftsbericht\\\/?s={search_term_string}\"},\"query-input\":{\"@type\":\"PropertyValueSpecification\",\"valueRequired\":true,\"valueName\":\"search_term_string\"}}],\"inLanguage\":\"de\"}]}<\/script>\n<!-- \/ Yoast SEO plugin. -->","yoast_head_json":{"title":"Gesch\u00e4fts&shy;bericht 2024 - DIB Gesch\u00e4ftsbericht","robots":{"index":"index","follow":"follow","max-snippet":"max-snippet:-1","max-image-preview":"max-image-preview:large","max-video-preview":"max-video-preview:-1"},"canonical":"https:\/\/ib.uzh.ch\/apps\/geschaeftsbericht\/","og_locale":"de_DE","og_type":"article","og_title":"Gesch\u00e4fts&shy;bericht 2024 - DIB Gesch\u00e4ftsbericht","og_description":"Gesch\u00e4tzte Leserin Gesch\u00e4tzter Leser Die Direktion Immobilien und Betrieb (DIB) blickt auf ein Gesch\u00e4ftsjahr zur\u00fcck, in dem es weder an H\u00f6hepunkten noch an Herausforderungen mangelte. Wir setzten uns ambitionierte Ziele und haben viele davon erreicht. Unsere Mitarbeitenden aller Bereiche haben einmal mehr hervorragende Arbeit geleistet und mit ihren Kompetenzen und ihrem Engagement f\u00fcr eine hohe &hellip; Continued","og_url":"https:\/\/ib.uzh.ch\/apps\/geschaeftsbericht\/","og_site_name":"DIB Gesch\u00e4ftsbericht","article_modified_time":"2025-04-24T12:15:23+00:00","twitter_card":"summary_large_image","twitter_misc":{"Gesch\u00e4tzte Lesezeit":"2\u00a0Minuten"},"schema":{"@context":"https:\/\/schema.org","@graph":[{"@type":"WebPage","@id":"https:\/\/ib.uzh.ch\/apps\/geschaeftsbericht\/","url":"https:\/\/ib.uzh.ch\/apps\/geschaeftsbericht\/","name":"Gesch\u00e4fts&shy;bericht 2024 - DIB Gesch\u00e4ftsbericht","isPartOf":{"@id":"https:\/\/ib.uzh.ch\/apps\/geschaeftsbericht\/#website"},"datePublished":"2025-03-24T13:09:34+00:00","dateModified":"2025-04-24T12:15:23+00:00","breadcrumb":{"@id":"https:\/\/ib.uzh.ch\/apps\/geschaeftsbericht\/#breadcrumb"},"inLanguage":"de","potentialAction":[{"@type":"ReadAction","target":["https:\/\/ib.uzh.ch\/apps\/geschaeftsbericht\/"]}]},{"@type":"BreadcrumbList","@id":"https:\/\/ib.uzh.ch\/apps\/geschaeftsbericht\/#breadcrumb","itemListElement":[{"@type":"ListItem","position":1,"name":"Startseite","item":"https:\/\/ib.uzh.ch\/apps\/geschaeftsbericht\/"},{"@type":"ListItem","position":2,"name":"Gesch\u00e4fts&shy;bericht 2024"}]},{"@type":"WebSite","@id":"https:\/\/ib.uzh.ch\/apps\/geschaeftsbericht\/#website","url":"https:\/\/ib.uzh.ch\/apps\/geschaeftsbericht\/","name":"DIB Gesch\u00e4ftsbericht","description":"Direktion Immobilien und Betrieb","potentialAction":[{"@type":"SearchAction","target":{"@type":"EntryPoint","urlTemplate":"https:\/\/ib.uzh.ch\/apps\/geschaeftsbericht\/?s={search_term_string}"},"query-input":{"@type":"PropertyValueSpecification","valueRequired":true,"valueName":"search_term_string"}}],"inLanguage":"de"}]}},"_links":{"self":[{"href":"https:\/\/ib.uzh.ch\/apps\/geschaeftsbericht\/wp-json\/wp\/v2\/pages\/586","targetHints":{"allow":["GET"]}}],"collection":[{"href":"https:\/\/ib.uzh.ch\/apps\/geschaeftsbericht\/wp-json\/wp\/v2\/pages"}],"about":[{"href":"https:\/\/ib.uzh.ch\/apps\/geschaeftsbericht\/wp-json\/wp\/v2\/types\/page"}],"author":[{"embeddable":true,"href":"https:\/\/ib.uzh.ch\/apps\/geschaeftsbericht\/wp-json\/wp\/v2\/users\/10"}],"replies":[{"embeddable":true,"href":"https:\/\/ib.uzh.ch\/apps\/geschaeftsbericht\/wp-json\/wp\/v2\/comments?post=586"}],"version-history":[{"count":75,"href":"https:\/\/ib.uzh.ch\/apps\/geschaeftsbericht\/wp-json\/wp\/v2\/pages\/586\/revisions"}],"predecessor-version":[{"id":759,"href":"https:\/\/ib.uzh.ch\/apps\/geschaeftsbericht\/wp-json\/wp\/v2\/pages\/586\/revisions\/759"}],"wp:attachment":[{"href":"https:\/\/ib.uzh.ch\/apps\/geschaeftsbericht\/wp-json\/wp\/v2\/media?parent=586"}],"curies":[{"name":"wp","href":"https:\/\/api.w.org\/{rel}","templated":true}]}}