{"id":218,"date":"2023-03-28T14:01:37","date_gmt":"2023-03-28T12:01:37","guid":{"rendered":"https:\/\/ib.uzh.ch\/apps\/geschaeftsbericht\/?page_id=218"},"modified":"2023-04-11T11:38:04","modified_gmt":"2023-04-11T09:38:04","slug":"geschaeftsbericht-2022","status":"publish","type":"page","link":"https:\/\/ib.uzh.ch\/apps\/geschaeftsbericht\/geschaeftsbericht-2022\/","title":{"rendered":"Gesch\u00e4fts&shy;bericht <br>2022"},"content":{"rendered":"<p>Gesch\u00e4tzte Leserin<br \/>\nGesch\u00e4tzter Leser<\/p>\n<p style=\"font-weight: 400;\">Wenn auf dem Campus Irchel innerhalb von knapp 18 Monaten ein Provisorium f\u00fcr die Erforschung der Genomik aus dem Boden gestampft werden soll, muss in K\u00fcrze ein Team von Planern, Architekten, Geb\u00e4udetechnikern und weiteren Fachkr\u00e4ften auf die Beine gestellt werden, das ohne Verz\u00f6gerung die Projektarbeit in Angriff nimmt. Wenn die technische Basisinfrastruktur f\u00fcr die gesamte Energie- und Medienversorgung der Universit\u00e4tsgeb\u00e4ude auf dem Campus Irchel am Ende ihres Lebenszyklus angekommen ist, m\u00fcssen L\u00f6sungen her. Und wenn \u00e4ussere Einfl\u00fcsse wie eine m\u00f6gliche Energiemangellage den Universit\u00e4tsbetrieb existenziell bedrohen, schrillen bei uns die Alarmglocken.<\/p>\n<p style=\"font-weight: 400;\">Die Direktion Immobilien und Betrieb (DIB) ist auch 2022 auf verschiedensten Ebenen anhaltend gefordert gewesen. Motivierend sind H\u00f6hepunkte wie, die B\u00fcrowelt der UZH neu zu erfinden oder den universit\u00e4ren Kulturg\u00fctern im Museumsdepot Buchs den Raum zu geben, den sie verdienen. Geduld und Verhandlungsgeschick sind gefragt, wenn Rekurse bisher vermeintlich unumstrittene Projekte blockieren.<\/p>\n<p style=\"font-weight: 400;\">Das DIB-Jahr 2022 war bewegt und bewegend. Lesen Sie die kleinen Geschichten dazu, und erfahren Sie, was sich hinter den Kulissen des Universit\u00e4tsbetriebs so alles abspielt.<\/p>\n<p>Fran\u00e7ois Chapuis<br \/>\nDirektor<\/p>\n","protected":false},"excerpt":{"rendered":"<p>Gesch\u00e4tzte Leserin Gesch\u00e4tzter Leser Wenn auf dem Campus Irchel innerhalb von knapp 18 Monaten ein Provisorium f\u00fcr die Erforschung der Genomik aus dem Boden gestampft werden soll, muss in K\u00fcrze ein Team von Planern, Architekten, Geb\u00e4udetechnikern und weiteren Fachkr\u00e4ften auf die Beine gestellt werden, das ohne Verz\u00f6gerung die Projektarbeit in Angriff nimmt. Wenn die technische &hellip; <a href=\"https:\/\/ib.uzh.ch\/apps\/geschaeftsbericht\/geschaeftsbericht-2022\/\">Continued<\/a><\/p>\n","protected":false},"author":10,"featured_media":0,"parent":0,"menu_order":1,"comment_status":"closed","ping_status":"closed","template":"template-bericht.blade.php","meta":{"_acf_changed":false,"inline_featured_image":false,"footnotes":""},"class_list":["post-218","page","type-page","status-publish","hentry"],"acf":[],"yoast_head":"<!-- This site is optimized with the Yoast SEO plugin v27.5 - https:\/\/yoast.com\/product\/yoast-seo-wordpress\/ -->\n<title>Gesch\u00e4fts&shy;bericht 2022 - DIB Gesch\u00e4ftsbericht<\/title>\n<meta name=\"robots\" content=\"index, follow, max-snippet:-1, max-image-preview:large, max-video-preview:-1\" \/>\n<link rel=\"canonical\" href=\"https:\/\/ib.uzh.ch\/apps\/geschaeftsbericht\/geschaeftsbericht-2022\/\" \/>\n<meta property=\"og:locale\" content=\"de_DE\" \/>\n<meta property=\"og:type\" content=\"article\" \/>\n<meta property=\"og:title\" content=\"Gesch\u00e4fts&shy;bericht 2022 - DIB Gesch\u00e4ftsbericht\" \/>\n<meta property=\"og:description\" content=\"Gesch\u00e4tzte Leserin Gesch\u00e4tzter Leser Wenn auf dem Campus Irchel innerhalb von knapp 18 Monaten ein Provisorium f\u00fcr die Erforschung der Genomik aus dem Boden gestampft werden soll, muss in K\u00fcrze ein Team von Planern, Architekten, Geb\u00e4udetechnikern und weiteren Fachkr\u00e4ften auf die Beine gestellt werden, das ohne Verz\u00f6gerung die Projektarbeit in Angriff nimmt. Wenn die technische &hellip; Continued\" \/>\n<meta property=\"og:url\" content=\"https:\/\/ib.uzh.ch\/apps\/geschaeftsbericht\/geschaeftsbericht-2022\/\" \/>\n<meta property=\"og:site_name\" content=\"DIB Gesch\u00e4ftsbericht\" \/>\n<meta property=\"article:modified_time\" content=\"2023-04-11T09:38:04+00:00\" \/>\n<meta name=\"twitter:card\" content=\"summary_large_image\" \/>\n<meta name=\"twitter:label1\" content=\"Gesch\u00e4tzte Lesezeit\" \/>\n\t<meta name=\"twitter:data1\" content=\"1\u00a0Minute\" \/>\n<script type=\"application\/ld+json\" class=\"yoast-schema-graph\">{\"@context\":\"https:\\\/\\\/schema.org\",\"@graph\":[{\"@type\":\"WebPage\",\"@id\":\"https:\\\/\\\/ib.uzh.ch\\\/apps\\\/geschaeftsbericht\\\/geschaeftsbericht-2022\\\/\",\"url\":\"https:\\\/\\\/ib.uzh.ch\\\/apps\\\/geschaeftsbericht\\\/geschaeftsbericht-2022\\\/\",\"name\":\"Gesch\u00e4fts&shy;bericht 2022 - DIB Gesch\u00e4ftsbericht\",\"isPartOf\":{\"@id\":\"https:\\\/\\\/ib.uzh.ch\\\/apps\\\/geschaeftsbericht\\\/#website\"},\"datePublished\":\"2023-03-28T12:01:37+00:00\",\"dateModified\":\"2023-04-11T09:38:04+00:00\",\"breadcrumb\":{\"@id\":\"https:\\\/\\\/ib.uzh.ch\\\/apps\\\/geschaeftsbericht\\\/geschaeftsbericht-2022\\\/#breadcrumb\"},\"inLanguage\":\"de\",\"potentialAction\":[{\"@type\":\"ReadAction\",\"target\":[\"https:\\\/\\\/ib.uzh.ch\\\/apps\\\/geschaeftsbericht\\\/geschaeftsbericht-2022\\\/\"]}]},{\"@type\":\"BreadcrumbList\",\"@id\":\"https:\\\/\\\/ib.uzh.ch\\\/apps\\\/geschaeftsbericht\\\/geschaeftsbericht-2022\\\/#breadcrumb\",\"itemListElement\":[{\"@type\":\"ListItem\",\"position\":1,\"name\":\"Startseite\",\"item\":\"https:\\\/\\\/ib.uzh.ch\\\/apps\\\/geschaeftsbericht\\\/\"},{\"@type\":\"ListItem\",\"position\":2,\"name\":\"Gesch\u00e4fts&shy;bericht 2022\"}]},{\"@type\":\"WebSite\",\"@id\":\"https:\\\/\\\/ib.uzh.ch\\\/apps\\\/geschaeftsbericht\\\/#website\",\"url\":\"https:\\\/\\\/ib.uzh.ch\\\/apps\\\/geschaeftsbericht\\\/\",\"name\":\"DIB Gesch\u00e4ftsbericht\",\"description\":\"Direktion Immobilien und Betrieb\",\"potentialAction\":[{\"@type\":\"SearchAction\",\"target\":{\"@type\":\"EntryPoint\",\"urlTemplate\":\"https:\\\/\\\/ib.uzh.ch\\\/apps\\\/geschaeftsbericht\\\/?s={search_term_string}\"},\"query-input\":{\"@type\":\"PropertyValueSpecification\",\"valueRequired\":true,\"valueName\":\"search_term_string\"}}],\"inLanguage\":\"de\"}]}<\/script>\n<!-- \/ Yoast SEO plugin. -->","yoast_head_json":{"title":"Gesch\u00e4fts&shy;bericht 2022 - DIB Gesch\u00e4ftsbericht","robots":{"index":"index","follow":"follow","max-snippet":"max-snippet:-1","max-image-preview":"max-image-preview:large","max-video-preview":"max-video-preview:-1"},"canonical":"https:\/\/ib.uzh.ch\/apps\/geschaeftsbericht\/geschaeftsbericht-2022\/","og_locale":"de_DE","og_type":"article","og_title":"Gesch\u00e4fts&shy;bericht 2022 - DIB Gesch\u00e4ftsbericht","og_description":"Gesch\u00e4tzte Leserin Gesch\u00e4tzter Leser Wenn auf dem Campus Irchel innerhalb von knapp 18 Monaten ein Provisorium f\u00fcr die Erforschung der Genomik aus dem Boden gestampft werden soll, muss in K\u00fcrze ein Team von Planern, Architekten, Geb\u00e4udetechnikern und weiteren Fachkr\u00e4ften auf die Beine gestellt werden, das ohne Verz\u00f6gerung die Projektarbeit in Angriff nimmt. Wenn die technische &hellip; Continued","og_url":"https:\/\/ib.uzh.ch\/apps\/geschaeftsbericht\/geschaeftsbericht-2022\/","og_site_name":"DIB Gesch\u00e4ftsbericht","article_modified_time":"2023-04-11T09:38:04+00:00","twitter_card":"summary_large_image","twitter_misc":{"Gesch\u00e4tzte Lesezeit":"1\u00a0Minute"},"schema":{"@context":"https:\/\/schema.org","@graph":[{"@type":"WebPage","@id":"https:\/\/ib.uzh.ch\/apps\/geschaeftsbericht\/geschaeftsbericht-2022\/","url":"https:\/\/ib.uzh.ch\/apps\/geschaeftsbericht\/geschaeftsbericht-2022\/","name":"Gesch\u00e4fts&shy;bericht 2022 - DIB Gesch\u00e4ftsbericht","isPartOf":{"@id":"https:\/\/ib.uzh.ch\/apps\/geschaeftsbericht\/#website"},"datePublished":"2023-03-28T12:01:37+00:00","dateModified":"2023-04-11T09:38:04+00:00","breadcrumb":{"@id":"https:\/\/ib.uzh.ch\/apps\/geschaeftsbericht\/geschaeftsbericht-2022\/#breadcrumb"},"inLanguage":"de","potentialAction":[{"@type":"ReadAction","target":["https:\/\/ib.uzh.ch\/apps\/geschaeftsbericht\/geschaeftsbericht-2022\/"]}]},{"@type":"BreadcrumbList","@id":"https:\/\/ib.uzh.ch\/apps\/geschaeftsbericht\/geschaeftsbericht-2022\/#breadcrumb","itemListElement":[{"@type":"ListItem","position":1,"name":"Startseite","item":"https:\/\/ib.uzh.ch\/apps\/geschaeftsbericht\/"},{"@type":"ListItem","position":2,"name":"Gesch\u00e4fts&shy;bericht 2022"}]},{"@type":"WebSite","@id":"https:\/\/ib.uzh.ch\/apps\/geschaeftsbericht\/#website","url":"https:\/\/ib.uzh.ch\/apps\/geschaeftsbericht\/","name":"DIB Gesch\u00e4ftsbericht","description":"Direktion Immobilien und Betrieb","potentialAction":[{"@type":"SearchAction","target":{"@type":"EntryPoint","urlTemplate":"https:\/\/ib.uzh.ch\/apps\/geschaeftsbericht\/?s={search_term_string}"},"query-input":{"@type":"PropertyValueSpecification","valueRequired":true,"valueName":"search_term_string"}}],"inLanguage":"de"}]}},"_links":{"self":[{"href":"https:\/\/ib.uzh.ch\/apps\/geschaeftsbericht\/wp-json\/wp\/v2\/pages\/218","targetHints":{"allow":["GET"]}}],"collection":[{"href":"https:\/\/ib.uzh.ch\/apps\/geschaeftsbericht\/wp-json\/wp\/v2\/pages"}],"about":[{"href":"https:\/\/ib.uzh.ch\/apps\/geschaeftsbericht\/wp-json\/wp\/v2\/types\/page"}],"author":[{"embeddable":true,"href":"https:\/\/ib.uzh.ch\/apps\/geschaeftsbericht\/wp-json\/wp\/v2\/users\/10"}],"replies":[{"embeddable":true,"href":"https:\/\/ib.uzh.ch\/apps\/geschaeftsbericht\/wp-json\/wp\/v2\/comments?post=218"}],"version-history":[{"count":34,"href":"https:\/\/ib.uzh.ch\/apps\/geschaeftsbericht\/wp-json\/wp\/v2\/pages\/218\/revisions"}],"predecessor-version":[{"id":314,"href":"https:\/\/ib.uzh.ch\/apps\/geschaeftsbericht\/wp-json\/wp\/v2\/pages\/218\/revisions\/314"}],"wp:attachment":[{"href":"https:\/\/ib.uzh.ch\/apps\/geschaeftsbericht\/wp-json\/wp\/v2\/media?parent=218"}],"curies":[{"name":"wp","href":"https:\/\/api.w.org\/{rel}","templated":true}]}}